{"id":591,"date":"2020-03-05T09:40:10","date_gmt":"2020-03-05T09:40:10","guid":{"rendered":"https:\/\/hotel-podravina.hr\/wellness-spa\/"},"modified":"2020-12-15T06:59:06","modified_gmt":"2020-12-15T06:59:06","slug":"wellness-spa","status":"publish","type":"page","link":"https:\/\/hotel-podravina.hr\/hr\/wellness-spa\/","title":{"rendered":"Wellness &#038; Spa"},"content":{"rendered":"<p>[vc_row full_width=&#8221;stretch_row_content_no_spaces&#8221; full_height=&#8221;yes&#8221; columns_placement=&#8221;stretch&#8221; content_placement=&#8221;middle&#8221; css=&#8221;.vc_custom_1583481243212{background-image: url(https:\/\/hotel-podravina.hr\/wp-content\/uploads\/2020\/03\/wellness.jpg?id=112) !important;background-position: 0 0 !important;background-repeat: no-repeat !important;}&#8221;][vc_column width=&#8221;1\/2&#8243; el_class=&#8221;mobile-rdy&#8221;]<div id=\"cz_40507\" class=\"cz_40507 cz_title clr cz_title_pos_inline tac\"><div class=\"cz_title_content\"><div class=\"cz_wpe_content\"><h1 class=\"inner_title\" style=\"text-align: center;\"><span style=\"color: #ffffff;\">WELLNESS &amp; SPA<\/span><\/h1>\n<h4 style=\"text-align: center;\"><span style=\"color: #ffffff;\">Za potpuno opu\u0161tanje<\/span><\/h4>\n<\/div><\/div><\/div>[\/vc_column][vc_column width=&#8221;1\/2&#8243; css=&#8221;.vc_custom_1583413813589{background-color: #ffffff !important;}&#8221;]<div class=\"cz_eqh cz_content_box_parent_fx  text-content\"><div id=\"cz_51734\" class=\"cz_51734 cz_content_box clr\"><div class=\"cz_box_front clr\"><div class=\"cz_box_front_inner clr \"><span><\/span><div><div id=\"cz_95056\" class=\"cz_95056 cz_title clr cz_title_pos_inline\"><div class=\"cz_title_content\"><div class=\"cz_wpe_content\"><h2>Wellness &amp; spa zona<\/h2>\n<\/div><\/div><\/div><div class=\"cz_gap clr  hide_on_tablet hide_on_mobile\" style=\"height: 15px\"><\/div><div class=\"cz_gap show_on_tablet clr  show_only_tablet\" style=\"height: 15px\"><\/div><div class=\"cz_gap show_on_mobile clr\" style=\"height: 15px\"><\/div><div id=\"cz_45504\" class=\"cz_45504 cz_title clr cz_title_pos_inline\"><div class=\"cz_title_content\"><div class=\"cz_wpe_content\"><p>Kako su duhovne aktivnosti, masa\u017ea, odmor i opu\u0161tanje oduvijek bili glavni elementi zdravog \u017eivotnog stila koje zagovara filozofija wellnessa, ovim putem pozivamo Vas da nam se pridru\u017eite i pobjegnete od svakodnevnog stresa, te prona\u0111ete svoju oazu mira i relaksacije u Wellness &amp; Spa zoni hotela Podravina.<\/p>\n<p>&nbsp;<\/p>\n<div>\n<p>U wellness i spa zoni nalazi se finska i infracrvena sauna, jacuzzi i relax zona za opu\u0161tanje i masa\u017eu.<\/p>\n<p>Za sve one koji \u017eele ostati u formi iskoristite slobodno vrijeme u teretani, koja osm klasi\u010dnog bicikla, nudi \u0161est razli\u010dith sprava za vje\u017ebanje.<\/p>\n<\/div>\n<\/div><\/div><\/div><\/div><\/div><\/div><\/div><\/div>[\/vc_column][\/vc_row]<\/p>\n","protected":false},"excerpt":{"rendered":"<p>[vc_row full_width=&#8221;stretch_row_content_no_spaces&#8221; full_height=&#8221;yes&#8221; columns_placement=&#8221;stretch&#8221; content_placement=&#8221;middle&#8221; css=&#8221;.vc_custom_1583481243212{background-image: url(https:\/\/hotel-podravina.hr\/wp-content\/uploads\/2020\/03\/wellness.jpg?id=112) !important;background-position: 0 0 !important;background-repeat: &#8230; <\/p>\n","protected":false},"author":1,"featured_media":0,"parent":0,"menu_order":0,"comment_status":"closed","ping_status":"closed","template":"","meta":[],"_links":{"self":[{"href":"https:\/\/hotel-podravina.hr\/hr\/wp-json\/wp\/v2\/pages\/591"}],"collection":[{"href":"https:\/\/hotel-podravina.hr\/hr\/wp-json\/wp\/v2\/pages"}],"about":[{"href":"https:\/\/hotel-podravina.hr\/hr\/wp-json\/wp\/v2\/types\/page"}],"author":[{"embeddable":true,"href":"https:\/\/hotel-podravina.hr\/hr\/wp-json\/wp\/v2\/users\/1"}],"replies":[{"embeddable":true,"href":"https:\/\/hotel-podravina.hr\/hr\/wp-json\/wp\/v2\/comments?post=591"}],"version-history":[{"count":1,"href":"https:\/\/hotel-podravina.hr\/hr\/wp-json\/wp\/v2\/pages\/591\/revisions"}],"predecessor-version":[{"id":592,"href":"https:\/\/hotel-podravina.hr\/hr\/wp-json\/wp\/v2\/pages\/591\/revisions\/592"}],"wp:attachment":[{"href":"https:\/\/hotel-podravina.hr\/hr\/wp-json\/wp\/v2\/media?parent=591"}],"curies":[{"name":"wp","href":"https:\/\/api.w.org\/{rel}","templated":true}]}}