{"id":594,"date":"2020-03-05T09:39:08","date_gmt":"2020-03-05T09:39:08","guid":{"rendered":"https:\/\/hotel-podravina.hr\/gastro\/"},"modified":"2020-12-15T07:00:52","modified_gmt":"2020-12-15T07:00:52","slug":"gastro","status":"publish","type":"page","link":"https:\/\/hotel-podravina.hr\/hr\/gastro\/","title":{"rendered":"Gastro"},"content":{"rendered":"<p>[vc_row full_width=&#8221;stretch_row_content_no_spaces&#8221; full_height=&#8221;yes&#8221; columns_placement=&#8221;stretch&#8221; content_placement=&#8221;middle&#8221;][vc_column width=&#8221;1\/2&#8243; el_class=&#8221;mobile-rdy&#8221; css=&#8221;.vc_custom_1595938884937{background-image: url(https:\/\/hotel-podravina.hr\/wp-content\/uploads\/2020\/03\/gastro.jpg?id=117) !important;background-position: center !important;background-repeat: no-repeat !important;background-size: cover !important;}&#8221;]<div id=\"cz_110234\" class=\"cz_110234 cz_title clr cz_title_pos_inline tac\"><div class=\"cz_title_content\"><div class=\"cz_wpe_content\"><h1 class=\"inner_title\" style=\"text-align: center;\"><span style=\"color: #ffffff;\">GASTRO<\/span><\/h1>\n<h4 style=\"text-align: center;\"><span style=\"color: #ffffff;\">Okusi koje \u0107ete pamtiti<\/span><\/h4>\n<\/div><\/div><\/div>[\/vc_column][vc_column width=&#8221;1\/2&#8243; css=&#8221;.vc_custom_1583413813589{background-color: #ffffff !important;}&#8221;]<div class=\"cz_eqh cz_content_box_parent_fx  text-content\"><div id=\"cz_51734\" class=\"cz_51734 cz_content_box clr\"><div class=\"cz_box_front clr\"><div class=\"cz_box_front_inner clr \"><span><\/span><div><div id=\"cz_43315\" class=\"cz_43315 cz_title clr cz_title_pos_inline\"><div class=\"cz_title_content\"><div class=\"cz_wpe_content\"><h2>Gastronomija<\/h2>\n<\/div><\/div><\/div><div class=\"cz_gap clr  hide_on_tablet hide_on_mobile\" style=\"height: 15px\"><\/div><div class=\"cz_gap show_on_tablet clr  show_only_tablet\" style=\"height: 15px\"><\/div><div class=\"cz_gap show_on_mobile clr\" style=\"height: 15px\"><\/div><div id=\"cz_93184\" class=\"cz_93184 cz_title clr cz_title_pos_inline\"><div class=\"cz_title_content\"><div class=\"cz_wpe_content\"><p>Jeste li znali da je\u00a0 za uspjeh svakog doga\u0111aja, neovisno o broju, profilu gostiju i gdje se nalazili, izbor hrane izuzetno va\u017ean? Vrhunski izbor i odli\u010dna priprema delicija dodatno \u0107e za\u010diniti svako doga\u0111anje i ostaviti nezaboravni dojam na uzvanike.<\/p>\n<p>&nbsp;<\/p>\n<p>Ako je to \u0161to \u017eelite ponuditi svojim gostima, s punim \u00a0povjerenjem se obratite cateringu hotela Podravina koji \u0107e se pobrinuti za prvoklasan izbor, vrhunski izgled i najbolji okus hrane koju odaberete.<\/p>\n<\/div><\/div><\/div><div class=\"cz_gap clr  hide_on_tablet hide_on_mobile\" style=\"height: 35px\"><\/div><div class=\"cz_gap show_on_tablet clr  show_only_tablet\" style=\"height: 35px\"><\/div><div class=\"cz_gap show_on_mobile clr\" style=\"height: 35px\"><\/div><ul id=\"cz_75734\" class=\"cz_75734 cz_stylish_list clr cz_sl_icon_hover_zoom_in\"><li class=\"clr\"><a href=\"https:\/\/www.hotel-podravina.hr\/gastro\/#kongresi\"><div class=\"cz_sl_icon\"><i class=\"fa czico-134-arrows-6 mr10\" ><\/i><\/div><div><span>Kongresi, eventi & banketi<\/span><\/div><\/a><\/li><li class=\"clr\"><a href=\"https:\/\/www.hotel-podravina.hr\/gastro\/#catering\"><div class=\"cz_sl_icon\"><i class=\"fa czico-134-arrows-6 mr10\" ><\/i><\/div><div><span>Catering<\/span><\/div><\/a><\/li><li class=\"clr\"><a href=\"https:\/\/www.hotel-podravina.hr\/gastro\/#alacarte\"><div class=\"cz_sl_icon\"><i class=\"fa czico-134-arrows-6 mr10\" ><\/i><\/div><div><span>\u00c1 la carte<\/span><\/div><\/a><\/li><li class=\"clr\"><a href=\"https:\/\/www.hotel-podravina.hr\/gastro\/#bezglutena\"><div class=\"cz_sl_icon\"><i class=\"fa czico-134-arrows-6 mr10\" ><\/i><\/div><div><span>Bezglutenski doru\u010dak<\/span><\/div><\/a><\/li><li class=\"clr\"><a href=\"https:\/\/www.hotel-podravina.hr\/gastro\/#gableci\"><div class=\"cz_sl_icon\"><i class=\"fa czico-134-arrows-6 mr10\" ><\/i><\/div><div><span>Tjedna ponuda gableca i objeda u restoranu hotela<\/span><\/div><\/a><\/li><\/ul><\/div><\/div><\/div><\/div><\/div>[\/vc_column][\/vc_row][vc_section full_width=&#8221;stretch_row&#8221; css=&#8221;.vc_custom_1583478938225{background-image: url(https:\/\/hotel-podravina.hr\/wp-content\/uploads\/2020\/03\/gastro-bg-2-scaled.jpg?id=238) !important;background-position: center !important;background-repeat: no-repeat !important;background-size: cover !important;}&#8221;][vc_row el_id=&#8221;kongresi&#8221;][vc_column]<div class=\"cz_gap clr  hide_on_tablet hide_on_mobile\" style=\"height: 75px\"><\/div><div class=\"cz_gap show_on_tablet clr  show_only_tablet\" style=\"height: 55px\"><\/div><div class=\"cz_gap show_on_mobile clr\" style=\"height: 55px\"><\/div>[\/vc_column][\/vc_row][vc_row content_placement=&#8221;middle&#8221;][vc_column width=&#8221;1\/2&#8243; el_class=&#8221;mini-section&#8221;]<div class=\"cz_eqh cz_content_box_parent_fx  \"><div id=\"cz_56844\" class=\"cz_56844 cz_content_box clr\"><div class=\"cz_box_front clr\"><div class=\"cz_box_front_inner clr \"><span><\/span><div><div id=\"cz_50062\" class=\"cz_50062 cz_title clr cz_title_pos_inline\"><div class=\"cz_title_content\"><div class=\"cz_wpe_content\"><h3>Kongresi, eventi &amp; banketi<\/h3>\n<\/div><\/div><\/div><div id=\"cz_92636\" class=\"cz_92636 cz_title clr cz_title_pos_inline\"><div class=\"cz_title_content\"><div class=\"cz_wpe_content\"><p style=\"font-weight: 300;\">Za odr\u017eavanje seminara,\u00a0konferencija, banketa ili svih sli\u010dnih sadr\u017eaja, hotel\u00a0Podravina\u00a0raspola\u017ee sa suvremeno opremljenom\u00a0konferencijskom\u00a0dvoranom, kapaciteta 120 sjede\u0107ih mjesta, koja \u0107e gostima omogu\u0107iti kvalitetno odra\u0111eni sastanak ili poslovno dru\u017eenje.<\/p>\n<p style=\"font-weight: 300;\">Brojne dodatne mogu\u0107nosti i sadr\u017eaji omogu\u0107uju pojedina\u010dnu prilagodbu svakoj grupi gostiju po\u010dev\u0161i od prilagodbe oblika dvorane,\u00a0postavljanja\u00a0potrebne opreme do odabira jela i pi\u0107a sudionika. Tehni\u010dka oprema uran\u010dunata je u cijenu sale, a hotel raspola\u017ee i s velikim privatnim parkirali\u0161tem.\u00a0Ugodna radna atmosfera, odli\u010dna gastronomska ponuda, te sportski sadr\u017eaji u neposrednoj blizini dodatni su razlog da nas posjetite i da se u na\u0161oj sredini poslovno i rekreativno dobro osje\u0107ate.<\/p>\n<p>&nbsp;<\/p>\n<p style=\"font-weight: 300;\">Mnoge renomirane tvrtke ve\u0107 su nam ukazale povjerenje u\u00a0organizaciji\u00a0ovakvih doga\u0111aja \u0161to nas \u010dini jednim od prepoznatljivih hotela\u00a0kontinentalnog\u00a0dijela Hrvatske u\u00a0organizaciji kongresnog turizma.<\/p>\n<\/div><\/div><\/div><\/div><\/div><\/div><\/div><\/div>[\/vc_column][vc_column width=&#8221;1\/2&#8243;]<div id=\"cz_26090\" class=\"cz_26090 cz_image clr cz_image_no_fx center_on_mobile\"><div class=\"cz_svg_bg\" ><div class=\"cz_image_in\"><div class=\"cz_main_image\"><img class=\"\" src=\"data:image\/svg+xml,%3Csvg%20xmlns%3D&#39;http%3A%2F%2Fwww.w3.org%2F2000%2Fsvg&#39;%20width=&#39;500&#39;%20height=&#39;600&#39;%20viewBox%3D&#39;0%200%20500%20600&#39;%2F%3E\" data-czlz data-src=\"https:\/\/hotel-podravina.hr\/wp-content\/uploads\/2020\/03\/kongersi-mali.jpg\" width=\"500\" height=\"600\" alt=\"kongersi-mali\" title=\"kongersi-mali\" \/><\/div><\/div><\/div><\/div><div class=\"cz_gap clr  hide_on_tablet hide_on_mobile\" style=\"height: 35px\"><\/div><div class=\"cz_gap show_on_tablet clr  show_only_tablet\" style=\"height: 35px\"><\/div><div class=\"cz_gap show_on_mobile clr\" style=\"height: 35px\"><\/div>[\/vc_column][\/vc_row][vc_row el_id=&#8221;catering&#8221;][vc_column]<div class=\"cz_gap clr  hide_on_tablet hide_on_mobile\" style=\"height: 175px\"><\/div><div class=\"cz_gap show_on_tablet clr  show_only_tablet\" style=\"height: 55px\"><\/div><div class=\"cz_gap show_on_mobile clr\" style=\"height: 55px\"><\/div>[\/vc_column][\/vc_row][vc_row content_placement=&#8221;middle&#8221;][vc_column width=&#8221;1\/2&#8243;]<div id=\"cz_91167\" class=\"cz_91167 cz_image clr cz_image_no_fx center_on_mobile\"><div class=\"cz_svg_bg\" ><div class=\"cz_image_in\"><div class=\"cz_main_image\"><img class=\"\" src=\"data:image\/svg+xml,%3Csvg%20xmlns%3D&#39;http%3A%2F%2Fwww.w3.org%2F2000%2Fsvg&#39;%20width=&#39;500&#39;%20height=&#39;600&#39;%20viewBox%3D&#39;0%200%20500%20600&#39;%2F%3E\" data-czlz data-src=\"https:\/\/hotel-podravina.hr\/wp-content\/uploads\/2020\/03\/catering-small.jpg\" width=\"500\" height=\"600\" alt=\"catering-small\" title=\"catering-small\" \/><\/div><\/div><\/div><\/div><div class=\"cz_gap clr  hide_on_tablet hide_on_mobile\" style=\"height: 35px\"><\/div><div class=\"cz_gap show_on_tablet clr  show_only_tablet\" style=\"height: 35px\"><\/div><div class=\"cz_gap show_on_mobile clr\" style=\"height: 35px\"><\/div>[\/vc_column][vc_column width=&#8221;1\/2&#8243; el_class=&#8221;mini-section&#8221;]<div class=\"cz_eqh cz_content_box_parent_fx  \"><div id=\"cz_96814\" class=\"cz_96814 cz_content_box clr\"><div class=\"cz_box_front clr\"><div class=\"cz_box_front_inner clr \"><span><\/span><div><div id=\"cz_30391\" class=\"cz_30391 cz_title clr cz_title_pos_inline\"><div class=\"cz_title_content\"><div class=\"cz_wpe_content\"><h3>Catering<\/h3>\n<\/div><\/div><\/div><div id=\"cz_93615\" class=\"cz_93615 cz_title clr cz_title_pos_inline\"><div class=\"cz_title_content\"><div class=\"cz_wpe_content\"><p style=\"font-weight: 300;\">Jeste li znali da je za uspjeh svakog doga\u0111aja, neovisno o broju, profilu gostiju i gdje se nalazili, izbor hrane izuzetno va\u017ean? Vrhunski izbor i odli\u010dna priprema delicija dodatno \u0107e za\u010diniti svako doga\u0111anje i ostaviti nezaboravni dojam na uzvanike. Ako je to \u0161to \u017eelite ponuditi svojim gostima, s punim povjerenjem se obratite cateringu hotela Podravina koji \u0107e se pobrinuti za prvoklasan izbor, vrhunski izgled i najbolji okus hrane koju odaberete.<\/p>\n<p>&nbsp;<\/p>\n<p>Uz stru\u010dno i profesionalno osoblje te probrani izbor hrane, Va\u0161a \u0107e prigoda biti jo\u0161 sve\u010danija, Va\u0161i \u0107e gosti u\u017eivati u raznolikosti jela i bogatstvu okusa jer se svaki jelovnik prilago\u0111ava va\u0161im potrebama i prehrambenim navikama.<\/p>\n<p>&nbsp;<\/p>\n<p>Obratite nam se s punim povjerenjem!<\/p>\n<\/div><\/div><\/div><\/div><\/div><\/div><\/div><\/div>[\/vc_column][\/vc_row][vc_row el_id=&#8221;alacarte&#8221;][vc_column]<div class=\"cz_gap clr  hide_on_tablet hide_on_mobile\" style=\"height: 175px\"><\/div><div class=\"cz_gap show_on_tablet clr  show_only_tablet\" style=\"height: 55px\"><\/div><div class=\"cz_gap show_on_mobile clr\" style=\"height: 55px\"><\/div>[\/vc_column][\/vc_row][vc_row content_placement=&#8221;middle&#8221;][vc_column width=&#8221;1\/2&#8243; el_class=&#8221;mini-section&#8221;]<div class=\"cz_eqh cz_content_box_parent_fx  \"><div id=\"cz_56844\" class=\"cz_56844 cz_content_box clr\"><div class=\"cz_box_front clr\"><div class=\"cz_box_front_inner clr \"><span><\/span><div><div id=\"cz_76441\" class=\"cz_76441 cz_title clr cz_title_pos_inline\"><div class=\"cz_title_content\"><div class=\"cz_wpe_content\"><h3>\u00c1 la carte<\/h3>\n<\/div><\/div><\/div><div id=\"cz_92636\" class=\"cz_92636 cz_title clr cz_title_pos_inline\"><div class=\"cz_title_content\"><div class=\"cz_wpe_content\"><p style=\"font-weight: 300;\">Za odr\u017eavanje seminara,\u00a0konferencija, banketa ili svih sli\u010dnih sadr\u017eaja, hotel\u00a0Podravina\u00a0raspola\u017ee sa suvremeno opremljenom\u00a0konferencijskom\u00a0dvoranom, kapaciteta 120 sjede\u0107ih mjesta, koja \u0107e gostima omogu\u0107iti kvalitetno odra\u0111eni sastanak ili poslovno dru\u017eenje.<\/p>\n<p style=\"font-weight: 300;\">Brojne dodatne mogu\u0107nosti i sadr\u017eaji omogu\u0107uju pojedina\u010dnu prilagodbu svakoj grupi gostiju po\u010dev\u0161i od prilagodbe oblika dvorane,\u00a0postavljanja\u00a0potrebne opreme do odabira jela i pi\u0107a sudionika. Tehni\u010dka oprema uran\u010dunata je u cijenu sale, a hotel raspola\u017ee i s velikim privatnim parkirali\u0161tem.\u00a0Ugodna radna atmosfera, odli\u010dna gastronomska ponuda, te sportski sadr\u017eaji u neposrednoj blizini dodatni su razlog da nas posjetite i da se u na\u0161oj sredini poslovno i rekreativno dobro osje\u0107ate.<\/p>\n<p>&nbsp;<\/p>\n<p style=\"font-weight: 300;\">Mnoge renomirane tvrtke ve\u0107 su nam ukazale povjerenje u\u00a0organizaciji\u00a0ovakvih doga\u0111aja \u0161to nas \u010dini jednim od prepoznatljivih hotela\u00a0kontinentalnog\u00a0dijela Hrvatske u\u00a0organizaciji kongresnog turizma.<\/p>\n<\/div><\/div><\/div><\/div><\/div><\/div><\/div><\/div>[\/vc_column][vc_column width=&#8221;1\/2&#8243;]<div id=\"cz_110394\" class=\"cz_110394 cz_image clr cz_image_no_fx center_on_mobile\"><div class=\"cz_svg_bg\" ><div class=\"cz_image_in\"><div class=\"cz_main_image\"><img class=\"\" src=\"data:image\/svg+xml,%3Csvg%20xmlns%3D&#39;http%3A%2F%2Fwww.w3.org%2F2000%2Fsvg&#39;%20width=&#39;500&#39;%20height=&#39;600&#39;%20viewBox%3D&#39;0%200%20500%20600&#39;%2F%3E\" data-czlz data-src=\"https:\/\/hotel-podravina.hr\/wp-content\/uploads\/2020\/03\/a-la-carte.jpg\" width=\"500\" height=\"600\" alt=\"a-la-carte\" title=\"a-la-carte\" \/><\/div><\/div><\/div><\/div><div class=\"cz_gap clr  hide_on_tablet hide_on_mobile\" style=\"height: 35px\"><\/div><div class=\"cz_gap show_on_tablet clr  show_only_tablet\" style=\"height: 35px\"><\/div><div class=\"cz_gap show_on_mobile clr\" style=\"height: 35px\"><\/div>[\/vc_column][\/vc_row][vc_row el_id=&#8221;bezglutena&#8221;][vc_column]<div class=\"cz_gap clr  hide_on_tablet hide_on_mobile\" style=\"height: 175px\"><\/div><div class=\"cz_gap show_on_tablet clr  show_only_tablet\" style=\"height: 55px\"><\/div><div class=\"cz_gap show_on_mobile clr\" style=\"height: 55px\"><\/div>[\/vc_column][\/vc_row][vc_row content_placement=&#8221;middle&#8221;][vc_column width=&#8221;1\/2&#8243;]<div id=\"cz_40035\" class=\"cz_40035 cz_image clr cz_image_no_fx center_on_mobile\"><div class=\"cz_svg_bg\" ><div class=\"cz_image_in\"><div class=\"cz_main_image\"><img class=\"\" src=\"data:image\/svg+xml,%3Csvg%20xmlns%3D&#39;http%3A%2F%2Fwww.w3.org%2F2000%2Fsvg&#39;%20width=&#39;500&#39;%20height=&#39;600&#39;%20viewBox%3D&#39;0%200%20500%20600&#39;%2F%3E\" data-czlz data-src=\"https:\/\/hotel-podravina.hr\/wp-content\/uploads\/2020\/03\/gluten-free-food.jpg\" width=\"500\" height=\"600\" alt=\"gluten-free-food\" title=\"gluten-free-food\" \/><\/div><\/div><\/div><\/div><div class=\"cz_gap clr  hide_on_tablet hide_on_mobile\" style=\"height: 35px\"><\/div><div class=\"cz_gap show_on_tablet clr  show_only_tablet\" style=\"height: 35px\"><\/div><div class=\"cz_gap show_on_mobile clr\" style=\"height: 35px\"><\/div>[\/vc_column][vc_column width=&#8221;1\/2&#8243; el_class=&#8221;mini-section&#8221;]<div class=\"cz_eqh cz_content_box_parent_fx  \"><div id=\"cz_96814\" class=\"cz_96814 cz_content_box clr\"><div class=\"cz_box_front clr\"><div class=\"cz_box_front_inner clr \"><span><\/span><div><div id=\"cz_23957\" class=\"cz_23957 cz_title clr cz_title_pos_inline\"><div class=\"cz_title_content\"><div class=\"cz_wpe_content\"><h3>Bezglutenski doru\u010dak<\/h3>\n<\/div><\/div><\/div><div id=\"cz_107631\" class=\"cz_107631 cz_title clr cz_title_pos_inline\"><div class=\"cz_title_content\"><div class=\"cz_wpe_content\"><p style=\"font-weight: 300;\">Kako bismo zadovoljili svakog gosta, pobrinuli smo se da zadovoljimo i one sa specifi\u010dnim potrebama te smo u redovnu ponudu doru\u010dka\u00a0 obogatili s bezglutenskim jelima.<\/p>\n<p>&nbsp;<\/p>\n<p style=\"font-weight: 300;\">Iz tog razloga Vas molimo da prilikom rezervacije ili boravka kod nas najavite da \u017eelite bezglutenski doru\u010dak i rado \u0107emo ga za Vas pripremiti.<\/p>\n<\/div><\/div><\/div><\/div><\/div><\/div><\/div><\/div>[\/vc_column][\/vc_row][vc_row el_id=&#8221;gableci&#8221;][vc_column]<div class=\"cz_gap clr  hide_on_tablet hide_on_mobile\" style=\"height: 175px\"><\/div><div class=\"cz_gap show_on_tablet clr  show_only_tablet\" style=\"height: 55px\"><\/div><div class=\"cz_gap show_on_mobile clr\" style=\"height: 55px\"><\/div>[\/vc_column][\/vc_row][vc_row content_placement=&#8221;middle&#8221;][vc_column width=&#8221;1\/2&#8243; el_class=&#8221;mini-section&#8221;]<div class=\"cz_eqh cz_content_box_parent_fx  \"><div id=\"cz_96814\" class=\"cz_96814 cz_content_box clr\"><div class=\"cz_box_front clr\"><div class=\"cz_box_front_inner clr \"><span><\/span><div><div id=\"cz_63265\" class=\"cz_63265 cz_title clr cz_title_pos_inline\"><div class=\"cz_title_content\"><div class=\"cz_wpe_content\"><h3>Gableci i ru\u010dkovi<\/h3>\n<\/div><\/div><\/div><div id=\"cz_107631\" class=\"cz_107631 cz_title clr cz_title_pos_inline\"><div class=\"cz_title_content\"><div class=\"cz_wpe_content\"><p style=\"font-weight: 300;\">Kako bismo zadovoljili svakog gosta, pobrinuli smo se da zadovoljimo i one sa specifi\u010dnim potrebama te smo u redovnu ponudu doru\u010dka\u00a0 obogatili s bezglutenskim jelima.<\/p>\n<p>&nbsp;<\/p>\n<p style=\"font-weight: 300;\">Iz tog razloga Vas molimo da prilikom rezervacije ili boravka kod nas najavite da \u017eelite bezglutenski doru\u010dak i rado \u0107emo ga za Vas pripremiti.<\/p>\n<\/div><\/div><\/div><\/div><\/div><\/div><\/div><\/div>[\/vc_column][vc_column width=&#8221;1\/2&#8243;]<div id=\"cz_29034\" class=\"cz_29034 cz_image clr cz_image_no_fx center_on_mobile\"><div class=\"cz_svg_bg\" ><div class=\"cz_image_in\"><div class=\"cz_main_image\"><img class=\"\" src=\"data:image\/svg+xml,%3Csvg%20xmlns%3D&#39;http%3A%2F%2Fwww.w3.org%2F2000%2Fsvg&#39;%20width=&#39;500&#39;%20height=&#39;600&#39;%20viewBox%3D&#39;0%200%20500%20600&#39;%2F%3E\" data-czlz data-src=\"https:\/\/hotel-podravina.hr\/wp-content\/uploads\/2020\/03\/gableci.jpg\" width=\"500\" height=\"600\" alt=\"gableci\" title=\"gableci\" \/><\/div><\/div><\/div><\/div><div class=\"cz_gap clr  hide_on_tablet hide_on_mobile\" style=\"height: 35px\"><\/div><div class=\"cz_gap show_on_tablet clr  show_only_tablet\" style=\"height: 35px\"><\/div><div class=\"cz_gap show_on_mobile clr\" style=\"height: 35px\"><\/div>[\/vc_column][\/vc_row][vc_row][vc_column]<div class=\"cz_gap clr  hide_on_tablet hide_on_mobile\" style=\"height: 175px\"><\/div><div class=\"cz_gap show_on_tablet clr  show_only_tablet\" style=\"height: 55px\"><\/div><div class=\"cz_gap show_on_mobile clr\" style=\"height: 55px\"><\/div>[\/vc_column][\/vc_row][\/vc_section]<\/p>\n","protected":false},"excerpt":{"rendered":"<p>[vc_row full_width=&#8221;stretch_row_content_no_spaces&#8221; full_height=&#8221;yes&#8221; columns_placement=&#8221;stretch&#8221; content_placement=&#8221;middle&#8221;][vc_column width=&#8221;1\/2&#8243; el_class=&#8221;mobile-rdy&#8221; css=&#8221;.vc_custom_1595938884937{background-image: url(https:\/\/hotel-podravina.hr\/wp-content\/uploads\/2020\/03\/gastro.jpg?id=117) !important;background-position: center &#8230; <\/p>\n","protected":false},"author":1,"featured_media":0,"parent":0,"menu_order":0,"comment_status":"closed","ping_status":"closed","template":"","meta":[],"_links":{"self":[{"href":"https:\/\/hotel-podravina.hr\/hr\/wp-json\/wp\/v2\/pages\/594"}],"collection":[{"href":"https:\/\/hotel-podravina.hr\/hr\/wp-json\/wp\/v2\/pages"}],"about":[{"href":"https:\/\/hotel-podravina.hr\/hr\/wp-json\/wp\/v2\/types\/page"}],"author":[{"embeddable":true,"href":"https:\/\/hotel-podravina.hr\/hr\/wp-json\/wp\/v2\/users\/1"}],"replies":[{"embeddable":true,"href":"https:\/\/hotel-podravina.hr\/hr\/wp-json\/wp\/v2\/comments?post=594"}],"version-history":[{"count":1,"href":"https:\/\/hotel-podravina.hr\/hr\/wp-json\/wp\/v2\/pages\/594\/revisions"}],"predecessor-version":[{"id":595,"href":"https:\/\/hotel-podravina.hr\/hr\/wp-json\/wp\/v2\/pages\/594\/revisions\/595"}],"wp:attachment":[{"href":"https:\/\/hotel-podravina.hr\/hr\/wp-json\/wp\/v2\/media?parent=594"}],"curies":[{"name":"wp","href":"https:\/\/api.w.org\/{rel}","templated":true}]}}