{"id":600,"date":"2020-03-05T09:39:48","date_gmt":"2020-03-05T09:39:48","guid":{"rendered":"https:\/\/hotel-podravina.hr\/kongresi\/"},"modified":"2024-02-15T06:38:26","modified_gmt":"2024-02-15T06:38:26","slug":"kongresi","status":"publish","type":"page","link":"https:\/\/hotel-podravina.hr\/hr\/kongresi\/","title":{"rendered":"Kongresi"},"content":{"rendered":"<p>[vc_row full_width=&#8221;stretch_row_content_no_spaces&#8221; full_height=&#8221;yes&#8221; columns_placement=&#8221;stretch&#8221; content_placement=&#8221;middle&#8221; css=&#8221;.vc_custom_1594893048908{background-image: url(https:\/\/hotel-podravina.hr\/wp-content\/uploads\/2020\/07\/kongresi.jpg?id=481) !important;background-position: 0 0 !important;background-repeat: no-repeat !important;}&#8221;][vc_column width=&#8221;1\/2&#8243; el_class=&#8221;mobile-rdy&#8221;]<div id=\"cz_90504\" class=\"cz_90504 cz_title clr cz_title_pos_inline tac\"><div class=\"cz_title_content\"><div class=\"cz_wpe_content\"><h1 class=\"inner_title\" style=\"text-align: center;\"><span style=\"color: #ffffff;\">KONGRESI<\/span><\/h1>\n<h4 style=\"text-align: center;\"><span style=\"color: #ffffff;\">Konferencijske dvorane hotela Podravina pogodne su<br \/>\nza sve vrste privatnih i poslovnih okupljanja.<\/span><\/h4>\n<\/div><\/div><\/div>[\/vc_column][vc_column width=&#8221;1\/2&#8243; css=&#8221;.vc_custom_1583413813589{background-color: #ffffff !important;}&#8221;]<div class=\"cz_eqh cz_content_box_parent_fx  text-content\"><div id=\"cz_51734\" class=\"cz_51734 cz_content_box clr\"><div class=\"cz_box_front clr\"><div class=\"cz_box_front_inner clr \"><span><\/span><div><div id=\"cz_23262\" class=\"cz_23262 cz_title clr cz_title_pos_inline\"><div class=\"cz_title_content\"><div class=\"cz_wpe_content\"><h2>Konferencijska ponuda<\/h2>\n<\/div><\/div><\/div><div class=\"cz_gap clr  hide_on_tablet hide_on_mobile\" style=\"height: 15px\"><\/div><div class=\"cz_gap show_on_tablet clr  show_only_tablet\" style=\"height: 15px\"><\/div><div class=\"cz_gap show_on_mobile clr\" style=\"height: 15px\"><\/div><div id=\"cz_107517\" class=\"cz_107517 cz_title clr cz_title_pos_inline\"><div class=\"cz_title_content\"><div class=\"cz_wpe_content\"><p>Za organizaciju poslovnih i sve\u010danih doga\u0111anja nudimo tri dvorane razli\u010ditih kapaciteta i namjena. Velika i mala dvorana nalaze se neposredno uz recepciju te su idealne za ve\u0107a doga\u0111anja, dok dvorana Sanela nudi ve\u0107u intimu u suterenskom prostoru hotela. Sve dvorane su klimatizirane, imaju dnevno svijetlo \u00a0te su pokrivene WiFi signalom s opti\u010dkim internetom. Opremljene su projektorima (dvorana Sanela ima i 138 cm LED TV), platnom i mikrofonima. Za sudionike doga\u0111anja \u00a0osigurali smo besplatan hotelski parking. Ovisno o \u017eeljama idejama organizatora, dogovaramo coffee breakove.<\/p>\n<\/div><\/div><\/div><div class=\"cz_gap clr  hide_on_tablet hide_on_mobile\" style=\"height: 35px\"><\/div><div class=\"cz_gap show_on_tablet clr  show_only_tablet\" style=\"height: 0px\"><\/div><div class=\"cz_gap show_on_mobile clr\" style=\"height: 0px\"><\/div><ul id=\"cz_37833\" class=\"cz_37833 cz_stylish_list clr cz_sl_icon_hover_zoom_in\"><li class=\"clr\"><div class=\"cz_sl_icon\"><i class=\"fa czico-178-check mr10\" ><\/i><\/div><div><span>Velika dvorana- do 300 sjede\u0107ih mjesta<\/span><\/div><\/li><li class=\"clr\"><div class=\"cz_sl_icon\"><i class=\"fa czico-178-check mr10\" ><\/i><\/div><div><span>Dvorana Sanela- do 70 sjede\u0107ih mjesta<\/span><\/div><\/li><li class=\"clr\"><div class=\"cz_sl_icon\"><i class=\"fa czico-178-check mr10\" ><\/i><\/div><div><span>Mala dvorana  - do 40 sjede\u0107ih mjesta <\/span><\/div><\/li><\/ul><\/div><\/div><\/div><\/div><\/div>[\/vc_column][\/vc_row][vc_row][vc_column]<div class=\"cz_gap clr  hide_on_tablet hide_on_mobile\" style=\"height: 75px\"><\/div><div class=\"cz_gap show_on_tablet clr  show_only_tablet\" style=\"height: 55px\"><\/div><div class=\"cz_gap show_on_mobile clr\" style=\"height: 55px\"><\/div>[\/vc_column][\/vc_row][vc_row][vc_column]<div id=\"cz_56424\" class=\"cz_56424 cz_title clr cz_title_pos_center\"><div class=\"cz_title_content\"><div class=\"cz_wpe_content\"><h2>Galerija<\/h2>\n<\/div><\/div><\/div><div id=\"cz_49545\" class=\"cz_grid_p cz_49545\"><div class=\"cz_grid cz_grid_1 clr cz_grid_c1 cz_grid_l1 cz_grid_1_no_title cz_grid_1_mid tac\"><div class=\"cz_grid_item cz_grid_first\"><\/div><div class=\"cz_grid_item \"><div><a class=\"cz_grid_link \" href=\"https:\/\/hotel-podravina.hr\/wp-content\/uploads\/2024\/02\/IMG-20240208-WA0000.jpg\" data-xtra-lightbox><img width=\"1200\" height=\"500\" src=\"data:image\/svg+xml,%3Csvg%20xmlns%3D&#39;http%3A%2F%2Fwww.w3.org%2F2000%2Fsvg&#39;%20width=&#39;1200&#39;%20height=&#39;500&#39;%20viewBox%3D&#39;0%200%201200%20500&#39;%2F%3E\" data-czlz data-src=\"https:\/\/hotel-podravina.hr\/wp-content\/uploads\/2024\/02\/IMG-20240208-WA0000-1200x500.jpg\" class=\"attachment-codevz_1200_500\" alt=\"\" title=\"IMG-20240208-WA0000\" \/><div class=\"cz_grid_details\"><i class=\"fa fa-search cz_grid_icon\"><\/i><\/div><\/a><\/div><\/div><\/div><\/div>[\/vc_column][\/vc_row][vc_row][vc_column]<div class=\"cz_gap clr  hide_on_tablet hide_on_mobile\" style=\"height: 75px\"><\/div><div class=\"cz_gap show_on_tablet clr  show_only_tablet\" style=\"height: 55px\"><\/div><div class=\"cz_gap show_on_mobile clr\" style=\"height: 55px\"><\/div>[\/vc_column][\/vc_row]<\/p>\n","protected":false},"excerpt":{"rendered":"<p>[vc_row full_width=&#8221;stretch_row_content_no_spaces&#8221; full_height=&#8221;yes&#8221; columns_placement=&#8221;stretch&#8221; content_placement=&#8221;middle&#8221; css=&#8221;.vc_custom_1594893048908{background-image: url(https:\/\/hotel-podravina.hr\/wp-content\/uploads\/2020\/07\/kongresi.jpg?id=481) !important;background-position: 0 0 !important;background-repeat: &#8230; <\/p>\n","protected":false},"author":1,"featured_media":0,"parent":0,"menu_order":0,"comment_status":"closed","ping_status":"closed","template":"","meta":[],"_links":{"self":[{"href":"https:\/\/hotel-podravina.hr\/hr\/wp-json\/wp\/v2\/pages\/600"}],"collection":[{"href":"https:\/\/hotel-podravina.hr\/hr\/wp-json\/wp\/v2\/pages"}],"about":[{"href":"https:\/\/hotel-podravina.hr\/hr\/wp-json\/wp\/v2\/types\/page"}],"author":[{"embeddable":true,"href":"https:\/\/hotel-podravina.hr\/hr\/wp-json\/wp\/v2\/users\/1"}],"replies":[{"embeddable":true,"href":"https:\/\/hotel-podravina.hr\/hr\/wp-json\/wp\/v2\/comments?post=600"}],"version-history":[{"count":11,"href":"https:\/\/hotel-podravina.hr\/hr\/wp-json\/wp\/v2\/pages\/600\/revisions"}],"predecessor-version":[{"id":762,"href":"https:\/\/hotel-podravina.hr\/hr\/wp-json\/wp\/v2\/pages\/600\/revisions\/762"}],"wp:attachment":[{"href":"https:\/\/hotel-podravina.hr\/hr\/wp-json\/wp\/v2\/media?parent=600"}],"curies":[{"name":"wp","href":"https:\/\/api.w.org\/{rel}","templated":true}]}}