{"id":603,"date":"2020-07-28T11:26:03","date_gmt":"2020-07-28T11:26:03","guid":{"rendered":"https:\/\/hotel-podravina.hr\/destinacija\/"},"modified":"2020-12-15T07:13:37","modified_gmt":"2020-12-15T07:13:37","slug":"destinacija","status":"publish","type":"page","link":"https:\/\/hotel-podravina.hr\/hr\/destinacija\/","title":{"rendered":"Destinacija"},"content":{"rendered":"<p>[vc_row full_width=&#8221;stretch_row_content_no_spaces&#8221; full_height=&#8221;yes&#8221; columns_placement=&#8221;stretch&#8221; equal_height=&#8221;yes&#8221; content_placement=&#8221;middle&#8221;][vc_column width=&#8221;1\/2&#8243; el_class=&#8221;mobile-rdy&#8221; css=&#8221;.vc_custom_1595939582275{background-image: url(https:\/\/hotel-podravina.hr\/wp-content\/uploads\/2020\/04\/12194716_1119606068050397_6308808406130584129_o.jpg?id=413) !important;background-position: center !important;background-repeat: no-repeat !important;background-size: cover !important;}&#8221;]<div id=\"cz_64008\" class=\"cz_64008 cz_title clr cz_title_pos_inline tac\"><div class=\"cz_title_content\"><div class=\"cz_wpe_content\"><h1 class=\"inner_title\" style=\"text-align: center;\"><span style=\"color: #ffffff;\">DESTINACIJA<\/span><\/h1>\n<h4 style=\"text-align: center;\"><span style=\"color: #ffffff;\">Istra\u017ei i upoznaj Koprivnicu<\/span><\/h4>\n<\/div><\/div><\/div>[\/vc_column][vc_column width=&#8221;1\/2&#8243; css=&#8221;.vc_custom_1583413813589{background-color: #ffffff !important;}&#8221;]<div class=\"cz_eqh cz_content_box_parent_fx  text-content\"><div id=\"cz_51734\" class=\"cz_51734 cz_content_box clr\"><div class=\"cz_box_front clr\"><div class=\"cz_box_front_inner clr \"><span><\/span><div><div id=\"cz_103655\" class=\"cz_103655 cz_title clr cz_title_pos_inline\"><div class=\"cz_title_content\"><div class=\"cz_wpe_content\"><h2>Iskoristite slobodno vrijeme na najbolji na\u010din &#8211; istra\u017euju\u0107i<\/h2>\n<\/div><\/div><\/div><div class=\"cz_gap clr  hide_on_tablet hide_on_mobile\" style=\"height: 15px\"><\/div><div class=\"cz_gap show_on_tablet clr  show_only_tablet\" style=\"height: 15px\"><\/div><div class=\"cz_gap show_on_mobile clr\" style=\"height: 15px\"><\/div><div id=\"cz_51964\" class=\"cz_51964 cz_title clr cz_title_pos_inline\"><div class=\"cz_title_content\"><div class=\"cz_wpe_content\"><p>Posjetite, istra\u017eite, u\u017eivajte! Upoznajte sve blagodati Koprivnice i okolice, steknite nova iskustva, nova znanja i upoznajte nove ljude. Provedite kvalitetno svoje slobodno vrijeme i prona\u0111ite svoju novu najdra\u017eu lokaciju koju \u0107ete sigurno po\u017eeljeti ponovo posjetiti. Grad Vegete nudi nekoliko kulturnih destinacija- Muzej prehrane Podravka, Gradski muzej, galeriju I.G. Kova\u010di\u0107, sportske susrete na\u0161e Podravke i Slaven Belupa, te prekrasne parkove i trgove u gradu. Kao grad bicikala i (hotel nosi i Bike&amp;Bed oznaku), u samo par minuta odvezite se do Hlebina- svjetskog centra naivne umjetnosti, \u0160oderice- poznatog podravskog ljetovali\u0161ta ili pak tri najpoznatija podravska grada- Ludbreg i Kri\u017eevci (poznata sveti\u0161ta) ili \u201ePodravsku Saharu\u201c- \u0110ur\u0111evac gdje se mo\u017eete dru\u017eiti s pravim devama.<\/p>\n<\/div><\/div><\/div><div class=\"cz_gap clr  hide_on_tablet hide_on_mobile\" style=\"height: 35px\"><\/div><div class=\"cz_gap show_on_tablet clr  show_only_tablet\" style=\"height: 0px\"><\/div><div class=\"cz_gap show_on_mobile clr\" style=\"height: 0px\"><\/div><\/div><\/div><\/div><\/div><\/div>[\/vc_column][\/vc_row]<\/p>\n","protected":false},"excerpt":{"rendered":"<p>[vc_row full_width=&#8221;stretch_row_content_no_spaces&#8221; full_height=&#8221;yes&#8221; columns_placement=&#8221;stretch&#8221; equal_height=&#8221;yes&#8221; content_placement=&#8221;middle&#8221;][vc_column width=&#8221;1\/2&#8243; el_class=&#8221;mobile-rdy&#8221; css=&#8221;.vc_custom_1595939582275{background-image: url(https:\/\/hotel-podravina.hr\/wp-content\/uploads\/2020\/04\/12194716_1119606068050397_6308808406130584129_o.jpg?id=413) !important;background-position: &#8230; <\/p>\n","protected":false},"author":1,"featured_media":0,"parent":0,"menu_order":0,"comment_status":"closed","ping_status":"closed","template":"","meta":[],"_links":{"self":[{"href":"https:\/\/hotel-podravina.hr\/hr\/wp-json\/wp\/v2\/pages\/603"}],"collection":[{"href":"https:\/\/hotel-podravina.hr\/hr\/wp-json\/wp\/v2\/pages"}],"about":[{"href":"https:\/\/hotel-podravina.hr\/hr\/wp-json\/wp\/v2\/types\/page"}],"author":[{"embeddable":true,"href":"https:\/\/hotel-podravina.hr\/hr\/wp-json\/wp\/v2\/users\/1"}],"replies":[{"embeddable":true,"href":"https:\/\/hotel-podravina.hr\/hr\/wp-json\/wp\/v2\/comments?post=603"}],"version-history":[{"count":1,"href":"https:\/\/hotel-podravina.hr\/hr\/wp-json\/wp\/v2\/pages\/603\/revisions"}],"predecessor-version":[{"id":604,"href":"https:\/\/hotel-podravina.hr\/hr\/wp-json\/wp\/v2\/pages\/603\/revisions\/604"}],"wp:attachment":[{"href":"https:\/\/hotel-podravina.hr\/hr\/wp-json\/wp\/v2\/media?parent=603"}],"curies":[{"name":"wp","href":"https:\/\/api.w.org\/{rel}","templated":true}]}}