{"id":637,"date":"2020-03-05T09:38:28","date_gmt":"2020-03-05T09:38:28","guid":{"rendered":"https:\/\/hotel-podravina.hr\/hotel-podravina\/"},"modified":"2023-05-06T15:05:41","modified_gmt":"2023-05-06T15:05:41","slug":"hotel-podravina","status":"publish","type":"page","link":"https:\/\/hotel-podravina.hr\/pl\/hotel-podravina\/","title":{"rendered":"Hotel Podravina"},"content":{"rendered":"<p>[vc_row full_width=&#8221;stretch_row_content_no_spaces&#8221; full_height=&#8221;yes&#8221; columns_placement=&#8221;stretch&#8221; content_placement=&#8221;middle&#8221;][vc_column width=&#8221;1\/2&#8243; el_class=&#8221;mobile-rdy&#8221; css=&#8221;.vc_custom_1595937300371{background-image: url(https:\/\/hotel-podravina.hr\/wp-content\/uploads\/2020\/07\/apartman.jpg?id=452) !important;background-position: center !important;background-repeat: no-repeat !important;background-size: cover !important;}&#8221;]<div id=\"cz_65095\" class=\"cz_65095 cz_title clr cz_title_pos_center tac\"><div class=\"cz_title_content\"><div class=\"cz_wpe_content\"><h1 class=\"inner_title\" style=\"text-align: center;\"><span style=\"color: #ffffff;\">HOTEL PODRAVINA<\/span><\/h1>\n<h4 style=\"text-align: center;\"><span style=\"color: #ffffff;\">Accommodation in the city center<\/span><\/h4>\n<\/div><\/div><\/div>[\/vc_column][vc_column width=&#8221;1\/2&#8243; css=&#8221;.vc_custom_1583408369172{background-color: #ffffff !important;}&#8221;]<div class=\"cz_eqh cz_content_box_parent_fx  text-content text-mob\"><div id=\"cz_41193\" class=\"cz_41193 cz_content_box clr\"><div class=\"cz_box_front clr\"><div class=\"cz_box_front_inner clr \"><span><\/span><div><div id=\"cz_44828\" class=\"cz_44828 cz_title clr cz_title_pos_inline wpb_animate_when_almost_visible fadeInDown\"><div class=\"cz_title_content\"><div class=\"cz_wpe_content\"><h2 class=\"service__title\">Komfortowa podr\u00f3\u017c<\/h2>\n<\/div><\/div><\/div><div class=\"cz_gap clr  hide_on_tablet hide_on_mobile\" style=\"height: 15px\"><\/div><div class=\"cz_gap show_on_tablet clr  show_only_tablet\" style=\"height: 15px\"><\/div><div class=\"cz_gap show_on_mobile clr\" style=\"height: 15px\"><\/div><div id=\"cz_20501\" class=\"cz_20501 cz_title clr cz_title_pos_inline wpb_animate_when_almost_visible fadeIn\"><div class=\"cz_title_content\"><div class=\"cz_wpe_content\"><p><span id=\"result_box\" class=\"\" lang=\"en\"><\/span>Hotel Podravina znajduje si\u0119 w \u015bcis\u0142ym centrum Koprivnicy, tym samym jest idealnym miejscem dla go\u015bci odwiedzaj\u0105cych nasze miasto w celach turystycznych i biznesowych.<\/p>\n<p>&nbsp;<\/p>\n<p>Do dyspozycji go\u015bci oddajemy 60 pokoj\u00f3w i 3 apartamenty z \u0142azienk\u0105, barkiem, telefonem, TV, Internetem optycznym w ka\u017cdym pokoju, restauracj\u0105, w kt\u00f3rej mo\u017cna kosztowa\u0107 doskona\u0142ych da\u0144 kuchni krajowej i mi\u0119dzynarodowej, lobby barem oraz trzy nowocze\u015bnie wyposa\u017cone sale przeznaczone na organizacj\u0119 spotka\u0144, konferencji, prezentacji i seminari\u00f3w. Naszym go\u015bciom zapewniamy r\u00f3wnie\u017c serwis pokojowy.<\/p>\n<p>&nbsp;<\/p>\n<p>Hotel dysponuje w\u0142asnym parkingiem strze\u017conym z 90 miejscami postojowymi dla samochod\u00f3w i 4 dla autobus\u00f3w.<\/p>\n<p>&nbsp;<\/p>\n<p>Ponadto jako obiekt z certyfikatem Bike&amp;Bed zapewniamy odr\u0119bny gara\u017c dla rower\u00f3w. Ch\u0119tnie ugo\u015bcimy te\u017c twojego pupila. Aby zapewni\u0107 najwy\u017csz\u0105 jako\u015b\u0107 us\u0142ug, nasza recepcja jest czynna 0-24 h. Na parterze hotelu znajduje si\u0119 sala na 300 miejsc siedz\u0105cych z najnowocze\u015bniejszym wyposa\u017ceniem.<\/p>\n<\/div><\/div><\/div><div class=\"cz_gap clr  hide_on_tablet hide_on_mobile\" style=\"height: 35px\"><\/div><div class=\"cz_gap show_on_tablet clr  show_only_tablet\" style=\"height: 35px\"><\/div><div class=\"cz_gap show_on_mobile clr\" style=\"height: 0px\"><\/div><ul id=\"cz_91861\" class=\"cz_91861 cz_stylish_list clr cz_sl_icon_hover_zoom_in\"><li class=\"clr\"><a href=\"https:\/\/www.hotel-podravina.hr\/hotel-podravina\/#smjestaj\"><div class=\"cz_sl_icon\"><i class=\"fa czico-134-arrows-6 mr10\" style=\"color:#1f2d52\"><\/i><\/div><div><span>Nocleg<\/span><\/div><\/a><\/li><\/ul><\/div><\/div><\/div><\/div><\/div>[\/vc_column][\/vc_row][vc_row el_id=&#8221;smjestaj&#8221;][vc_column]<div class=\"cz_gap clr  hide_on_tablet hide_on_mobile\" style=\"height: 35px\"><\/div><div class=\"cz_gap show_on_tablet clr  show_only_tablet\" style=\"height: 35px\"><\/div><div class=\"cz_gap show_on_mobile clr\" style=\"height: 35px\"><\/div>[\/vc_column][vc_column width=&#8221;1\/3&#8243;]<div id=\"cz_18244\" class=\"cz_18244 cz_banner clr wpb_animate_when_almost_visible cz_brfx_down\">\n\t\t\t<figure class=\"effect-style1\">\n\t\t\t\t<img width=\"1600\" height=\"1067\" src=\"data:image\/svg+xml,%3Csvg%20xmlns%3D&#39;http%3A%2F%2Fwww.w3.org%2F2000%2Fsvg&#39;%20width=&#39;1600&#39;%20height=&#39;1067&#39;%20viewBox%3D&#39;0%200%201600%201067&#39;%2F%3E\" data-czlz data-src=\"https:\/\/hotel-podravina.hr\/wp-content\/uploads\/2020\/07\/jednokreventna-soba.jpg\" class=\"attachment-full\" alt=\"\" title=\"jednokreventna-soba\" data-srcset=\"https:\/\/hotel-podravina.hr\/wp-content\/uploads\/2020\/07\/jednokreventna-soba.jpg 1600w, https:\/\/hotel-podravina.hr\/wp-content\/uploads\/2020\/07\/jednokreventna-soba-300x200.jpg 300w, https:\/\/hotel-podravina.hr\/wp-content\/uploads\/2020\/07\/jednokreventna-soba-1024x683.jpg 1024w, https:\/\/hotel-podravina.hr\/wp-content\/uploads\/2020\/07\/jednokreventna-soba-768x512.jpg 768w, https:\/\/hotel-podravina.hr\/wp-content\/uploads\/2020\/07\/jednokreventna-soba-1536x1024.jpg 1536w, https:\/\/hotel-podravina.hr\/wp-content\/uploads\/2020\/07\/jednokreventna-soba-600x400.jpg 600w\" data-sizes=\"(max-width: 1600px) 100vw, 1600px\" \/>\n\t\t\t\t<figcaption><div><h4>POK\u00d3J JEDNOOSOBOWY<\/h4><\/div><a href=\"https:\/\/hotel-podravina.hr\/jednokrevetna-soba\/\"> <\/a><\/figcaption>\t\t\t\n\t\t\t<\/figure>\n\t\t<\/div><div class=\"cz_gap clr  hide_on_tablet hide_on_mobile\" style=\"height: 35px\"><\/div><div class=\"cz_gap show_on_tablet clr  show_only_tablet\" style=\"height: 35px\"><\/div><div class=\"cz_gap show_on_mobile clr\" style=\"height: 35px\"><\/div>[\/vc_column][vc_column width=&#8221;1\/3&#8243;]<div id=\"cz_66474\" class=\"cz_66474 cz_banner clr wpb_animate_when_almost_visible cz_brfx_down\">\n\t\t\t<figure class=\"effect-style1\">\n\t\t\t\t<img width=\"1600\" height=\"1067\" src=\"data:image\/svg+xml,%3Csvg%20xmlns%3D&#39;http%3A%2F%2Fwww.w3.org%2F2000%2Fsvg&#39;%20width=&#39;1600&#39;%20height=&#39;1067&#39;%20viewBox%3D&#39;0%200%201600%201067&#39;%2F%3E\" data-czlz data-src=\"https:\/\/hotel-podravina.hr\/wp-content\/uploads\/2020\/07\/dvokreventna-soba.jpg\" class=\"attachment-full\" alt=\"\" title=\"dvokreventna-soba\" data-srcset=\"https:\/\/hotel-podravina.hr\/wp-content\/uploads\/2020\/07\/dvokreventna-soba.jpg 1600w, https:\/\/hotel-podravina.hr\/wp-content\/uploads\/2020\/07\/dvokreventna-soba-300x200.jpg 300w, https:\/\/hotel-podravina.hr\/wp-content\/uploads\/2020\/07\/dvokreventna-soba-1024x683.jpg 1024w, https:\/\/hotel-podravina.hr\/wp-content\/uploads\/2020\/07\/dvokreventna-soba-768x512.jpg 768w, https:\/\/hotel-podravina.hr\/wp-content\/uploads\/2020\/07\/dvokreventna-soba-1536x1024.jpg 1536w, https:\/\/hotel-podravina.hr\/wp-content\/uploads\/2020\/07\/dvokreventna-soba-600x400.jpg 600w\" data-sizes=\"(max-width: 1600px) 100vw, 1600px\" \/>\n\t\t\t\t<figcaption><div><h4>POK\u00d3J DWUOSOBOWY<\/h4><\/div><a href=\"https:\/\/hotel-podravina.hr\/dvokrevetna-soba\/\"> <\/a><\/figcaption>\t\t\t\n\t\t\t<\/figure>\n\t\t<\/div><div class=\"cz_gap clr  hide_on_tablet hide_on_mobile\" style=\"height: 35px\"><\/div><div class=\"cz_gap show_on_tablet clr  show_only_tablet\" style=\"height: 35px\"><\/div><div class=\"cz_gap show_on_mobile clr\" style=\"height: 35px\"><\/div>[\/vc_column][vc_column width=&#8221;1\/3&#8243;]<div id=\"cz_66761\" class=\"cz_66761 cz_banner clr wpb_animate_when_almost_visible cz_brfx_down\">\n\t\t\t<figure class=\"effect-style1\">\n\t\t\t\t<img width=\"1600\" height=\"1067\" src=\"data:image\/svg+xml,%3Csvg%20xmlns%3D&#39;http%3A%2F%2Fwww.w3.org%2F2000%2Fsvg&#39;%20width=&#39;1600&#39;%20height=&#39;1067&#39;%20viewBox%3D&#39;0%200%201600%201067&#39;%2F%3E\" data-czlz data-src=\"https:\/\/hotel-podravina.hr\/wp-content\/uploads\/2020\/07\/apartman.jpg\" class=\"attachment-full\" alt=\"\" title=\"apartman\" data-srcset=\"https:\/\/hotel-podravina.hr\/wp-content\/uploads\/2020\/07\/apartman.jpg 1600w, https:\/\/hotel-podravina.hr\/wp-content\/uploads\/2020\/07\/apartman-300x200.jpg 300w, https:\/\/hotel-podravina.hr\/wp-content\/uploads\/2020\/07\/apartman-1024x683.jpg 1024w, https:\/\/hotel-podravina.hr\/wp-content\/uploads\/2020\/07\/apartman-768x512.jpg 768w, https:\/\/hotel-podravina.hr\/wp-content\/uploads\/2020\/07\/apartman-1536x1024.jpg 1536w, https:\/\/hotel-podravina.hr\/wp-content\/uploads\/2020\/07\/apartman-600x400.jpg 600w\" data-sizes=\"(max-width: 1600px) 100vw, 1600px\" \/>\n\t\t\t\t<figcaption><div><h4>POK\u00d3J TRZYOSOBOWY<\/h4><\/div><a href=\"https:\/\/hotel-podravina.hr\/apartman\/\"> <\/a><\/figcaption>\t\t\t\n\t\t\t<\/figure>\n\t\t<\/div><div class=\"cz_gap clr  hide_on_tablet hide_on_mobile\" style=\"height: 35px\"><\/div><div class=\"cz_gap show_on_tablet clr  show_only_tablet\" style=\"height: 35px\"><\/div><div class=\"cz_gap show_on_mobile clr\" style=\"height: 35px\"><\/div>[\/vc_column][\/vc_row]<\/p>\n","protected":false},"excerpt":{"rendered":"<p>[vc_row full_width=&#8221;stretch_row_content_no_spaces&#8221; full_height=&#8221;yes&#8221; columns_placement=&#8221;stretch&#8221; content_placement=&#8221;middle&#8221;][vc_column width=&#8221;1\/2&#8243; el_class=&#8221;mobile-rdy&#8221; css=&#8221;.vc_custom_1595937300371{background-image: url(https:\/\/hotel-podravina.hr\/wp-content\/uploads\/2020\/07\/apartman.jpg?id=452) !important;background-position: center &#8230; <\/p>\n","protected":false},"author":1,"featured_media":0,"parent":0,"menu_order":0,"comment_status":"closed","ping_status":"closed","template":"","meta":[],"_links":{"self":[{"href":"https:\/\/hotel-podravina.hr\/pl\/wp-json\/wp\/v2\/pages\/637"}],"collection":[{"href":"https:\/\/hotel-podravina.hr\/pl\/wp-json\/wp\/v2\/pages"}],"about":[{"href":"https:\/\/hotel-podravina.hr\/pl\/wp-json\/wp\/v2\/types\/page"}],"author":[{"embeddable":true,"href":"https:\/\/hotel-podravina.hr\/pl\/wp-json\/wp\/v2\/users\/1"}],"replies":[{"embeddable":true,"href":"https:\/\/hotel-podravina.hr\/pl\/wp-json\/wp\/v2\/comments?post=637"}],"version-history":[{"count":3,"href":"https:\/\/hotel-podravina.hr\/pl\/wp-json\/wp\/v2\/pages\/637\/revisions"}],"predecessor-version":[{"id":710,"href":"https:\/\/hotel-podravina.hr\/pl\/wp-json\/wp\/v2\/pages\/637\/revisions\/710"}],"wp:attachment":[{"href":"https:\/\/hotel-podravina.hr\/pl\/wp-json\/wp\/v2\/media?parent=637"}],"curies":[{"name":"wp","href":"https:\/\/api.w.org\/{rel}","templated":true}]}}